{"id":3642,"date":"2022-08-29T12:33:20","date_gmt":"2022-08-29T11:33:20","guid":{"rendered":"https:\/\/mr-tecnicos.com\/?page_id=3642"},"modified":"2022-08-29T12:47:14","modified_gmt":"2022-08-29T11:47:14","slug":"nosaltres","status":"publish","type":"page","link":"https:\/\/mr-tecnicos.com\/ca\/nosaltres\/","title":{"rendered":"NOSALTRES"},"content":{"rendered":"<p dir=\"auto\" style=\"text-align: center;\">MR Arquitectura T\u00e8cnica som un equip de treball amb una \u00e0mplia experi\u00e8ncia en projectes de reforma, rehabilitaci\u00f3, adreces d&#8217;obra i coordinacions de seguretat i salut.<\/p>\n<p dir=\"auto\" style=\"text-align: center;\">El treball en equip, la rigorositat t\u00e8cnica, la sostenibilitat i l&#8217;\u00e8tica \u00e9s la nostra manera d&#8217;entendre la construcci\u00f3. El comprom\u00eds amb els nostres clients \u00e9s la base amb qu\u00e8 atenem tots els nostres projectes.<\/p>\n<p><img decoding=\"async\" src=\"https:\/\/mr-tecnicos.com\/wp-content\/uploads\/2020\/11\/REFORMA-COWORKING-7-1024x768.jpg\" sizes=\"(max-width: 1024px) 100vw, 1024px\" srcset=\"https:\/\/mr-tecnicos.com\/wp-content\/uploads\/2020\/11\/REFORMA-COWORKING-7-200x150.jpg 200w, https:\/\/mr-tecnicos.com\/wp-content\/uploads\/2020\/11\/REFORMA-COWORKING-7-300x225.jpg 300w, https:\/\/mr-tecnicos.com\/wp-content\/uploads\/2020\/11\/REFORMA-COWORKING-7-400x300.jpg 400w, https:\/\/mr-tecnicos.com\/wp-content\/uploads\/2020\/11\/REFORMA-COWORKING-7-600x450.jpg 600w, https:\/\/mr-tecnicos.com\/wp-content\/uploads\/2020\/11\/REFORMA-COWORKING-7-768x576.jpg 768w, https:\/\/mr-tecnicos.com\/wp-content\/uploads\/2020\/11\/REFORMA-COWORKING-7-800x600.jpg 800w, https:\/\/mr-tecnicos.com\/wp-content\/uploads\/2020\/11\/REFORMA-COWORKING-7.jpg 1024w\" alt=\"\" width=\"1024\" height=\"768\" \/><\/p>\n<h1>This is us<\/h1>\n<p>T&#8217;has quedat amb ganes de saber m\u00e9s sobre nosaltres? Som un equip multidisciplinari el nexe d&#8217;uni\u00f3 del qual \u00e9s la PASSI\u00d3 pels projectes que ens arriben a taula. Proporcionem orientaci\u00f3, coneixements i experi\u00e8ncia en totes les fases del proc\u00e9s arquitect\u00f2nic, des de la reflexi\u00f3 fins al disseny, la construcci\u00f3 i, finalment, la cerca de la manera adequada de comunicar els resultats.<\/p>\n<p><!-- start Team Member Box --><\/p>\n<style type=\"text\/css\">\/* widget: Team Member Box *\/<br \/>#uc_team_member_box_overlay_elementor71182<br \/>{<br \/>  overflow:hidden;<br \/>  position:relative;<br \/>}<br \/>#uc_team_member_box_overlay_elementor71182 *{<br \/>\tbox-sizing: border-box;<br \/>}<br \/>#uc_team_member_box_overlay_elementor71182 img{<br \/>\twidth:100%;<br \/>    object-fit: cover;<br \/>    display:block;<br \/>    transition:0.3s;<br \/>}<br \/>#uc_team_member_box_overlay_elementor71182 .uc_overlay{<br \/>\twidth:100%;<br \/>\theight:100%;<br \/>\tposition:absolute;<br \/>\tleft:0px;<br \/>\ttop:0px;<br \/>\tz-index:1;<br \/>    display:flex;<br \/>    flex-direction:column;<br \/>    align-items:center;<br \/>    justify-content:center;<br \/>}<br \/>#uc_team_member_box_overlay_elementor71182 .uc_social a{<br \/>\tdisplay:inline-flex;<br \/>\ttext-align:center;<br \/>\tborder-radius:50%;<br \/>\ttransition:all 0.3s;<br \/>    align-items:center;<br \/>    justify-content:center;<br \/>\t}<br \/>#uc_team_member_box_overlay_elementor71182 .uc_container_overlay_text{<br \/>\twidth:100%;<br \/>\ttext-align: center;<br \/>\tposition:absolute;<br \/>\tleft:0px;<br \/>\ttop:0px;<br \/>\tz-index:101;<br \/>\topacity: 0;<br \/>    visibility: hidden;<br \/>\ttransition:all 0.3s ease 0s;<br \/>\t}<br \/>#uc_team_member_box_overlay_elementor71182:hover .uc_container_overlay_text{<br \/>\tvisibility:inherit;<br \/>\topacity:1;<br \/>\t}<br \/>#uc_team_member_box_overlay_elementor71182 .uc_container_holder<br \/>{<br \/>  position:relative;<br \/>  overflow:hidden;<br \/>}<br \/>#uc_team_member_box_overlay_elementor71182 .team-member-image-overlay<br \/>{<br \/>  position:absolute;<br \/>  top:0;<br \/>  bottom:0;<br \/>  right:0;<br \/>  left:0;<br \/>  display:flex;<br \/>  flex-direction:column;<br \/>  opacity:0;<br \/>  transition:all 0.5s ;<br \/>  z-index:2;<br \/>}<br \/>#uc_team_member_box_overlay_elementor71182:hover .team-member-image-overlay<br \/>{<br \/>  opacity:1;<br \/>}<br \/>.team_member_box_overlay_title<br \/>{<br \/>  font-size:21px;<br \/>}<br \/><\/style>\n<p><img decoding=\"async\" src=\"https:\/\/mr-tecnicos.com\/wp-content\/uploads\/2022\/05\/1615993504742-300x300.jpg\" alt=\"1615993504742\" width=\"300\" height=\"300\" \/><\/p>\n<p>Mois\u00e9s Regal\u00f3n Director T\u00e8cnic<br \/>\n<!-- end Team Member Box --><br \/>\n<!-- start Team Member Box --><\/p>\n<style type=\"text\/css\">\/* widget: Team Member Box *\/<br \/>#uc_team_member_box_overlay_elementor86173<br \/>{<br \/>  overflow:hidden;<br \/>  position:relative;<br \/>}<br \/>#uc_team_member_box_overlay_elementor86173 *{<br \/>\tbox-sizing: border-box;<br \/>}<br \/>#uc_team_member_box_overlay_elementor86173 img{<br \/>\twidth:100%;<br \/>    object-fit: cover;<br \/>    display:block;<br \/>    transition:0.3s;<br \/>}<br \/>#uc_team_member_box_overlay_elementor86173 .uc_overlay{<br \/>\twidth:100%;<br \/>\theight:100%;<br \/>\tposition:absolute;<br \/>\tleft:0px;<br \/>\ttop:0px;<br \/>\tz-index:1;<br \/>    display:flex;<br \/>    flex-direction:column;<br \/>    align-items:center;<br \/>    justify-content:center;<br \/>}<br \/>#uc_team_member_box_overlay_elementor86173 .uc_social a{<br \/>\tdisplay:inline-flex;<br \/>\ttext-align:center;<br \/>\tborder-radius:50%;<br \/>\ttransition:all 0.3s;<br \/>    align-items:center;<br \/>    justify-content:center;<br \/>\t}<br \/>#uc_team_member_box_overlay_elementor86173 .uc_container_overlay_text{<br \/>\twidth:100%;<br \/>\ttext-align: center;<br \/>\tposition:absolute;<br \/>\tleft:0px;<br \/>\ttop:0px;<br \/>\tz-index:101;<br \/>\topacity: 0;<br \/>    visibility: hidden;<br \/>\ttransition:all 0.3s ease 0s;<br \/>\t}<br \/>#uc_team_member_box_overlay_elementor86173:hover .uc_container_overlay_text{<br \/>\tvisibility:inherit;<br \/>\topacity:1;<br \/>\t}<br \/>#uc_team_member_box_overlay_elementor86173 .uc_container_holder<br \/>{<br \/>  position:relative;<br \/>  overflow:hidden;<br \/>}<br \/>#uc_team_member_box_overlay_elementor86173 .team-member-image-overlay<br \/>{<br \/>  position:absolute;<br \/>  top:0;<br \/>  bottom:0;<br \/>  right:0;<br \/>  left:0;<br \/>  display:flex;<br \/>  flex-direction:column;<br \/>  opacity:0;<br \/>  transition:all 0.5s ;<br \/>  z-index:2;<br \/>}<br \/>#uc_team_member_box_overlay_elementor86173:hover .team-member-image-overlay<br \/>{<br \/>  opacity:1;<br \/>}<br \/>.team_member_box_overlay_title<br \/>{<br \/>  font-size:21px;<br \/>}<br \/><\/style>\n<p><img decoding=\"async\" src=\"https:\/\/mr-tecnicos.com\/wp-content\/uploads\/2022\/05\/original.png\" alt=\"original\" width=\"128\" height=\"128\" \/><\/p>\n<p>Jorge Palomino Arquitecte T\u00e8cnic<br \/>\n<!-- end Team Member Box --><br \/>\n<!-- start Team Member Box --><\/p>\n<style type=\"text\/css\">\/* widget: Team Member Box *\/<br \/>#uc_team_member_box_overlay_elementor95311<br \/>{<br \/>  overflow:hidden;<br \/>  position:relative;<br \/>}<br \/>#uc_team_member_box_overlay_elementor95311 *{<br \/>\tbox-sizing: border-box;<br \/>}<br \/>#uc_team_member_box_overlay_elementor95311 img{<br \/>\twidth:100%;<br \/>    object-fit: cover;<br \/>    display:block;<br \/>    transition:0.3s;<br \/>}<br \/>#uc_team_member_box_overlay_elementor95311 .uc_overlay{<br \/>\twidth:100%;<br \/>\theight:100%;<br \/>\tposition:absolute;<br \/>\tleft:0px;<br \/>\ttop:0px;<br \/>\tz-index:1;<br \/>    display:flex;<br \/>    flex-direction:column;<br \/>    align-items:center;<br \/>    justify-content:center;<br \/>}<br \/>#uc_team_member_box_overlay_elementor95311 .uc_social a{<br \/>\tdisplay:inline-flex;<br \/>\ttext-align:center;<br \/>\tborder-radius:50%;<br \/>\ttransition:all 0.3s;<br \/>    align-items:center;<br \/>    justify-content:center;<br \/>\t}<br \/>#uc_team_member_box_overlay_elementor95311 .uc_container_overlay_text{<br \/>\twidth:100%;<br \/>\ttext-align: center;<br \/>\tposition:absolute;<br \/>\tleft:0px;<br \/>\ttop:0px;<br \/>\tz-index:101;<br \/>\topacity: 0;<br \/>    visibility: hidden;<br \/>\ttransition:all 0.3s ease 0s;<br \/>\t}<br \/>#uc_team_member_box_overlay_elementor95311:hover .uc_container_overlay_text{<br \/>\tvisibility:inherit;<br \/>\topacity:1;<br \/>\t}<br \/>#uc_team_member_box_overlay_elementor95311 .uc_container_holder<br \/>{<br \/>  position:relative;<br \/>  overflow:hidden;<br \/>}<br \/>#uc_team_member_box_overlay_elementor95311 .team-member-image-overlay<br \/>{<br \/>  position:absolute;<br \/>  top:0;<br \/>  bottom:0;<br \/>  right:0;<br \/>  left:0;<br \/>  display:flex;<br \/>  flex-direction:column;<br \/>  opacity:0;<br \/>  transition:all 0.5s ;<br \/>  z-index:2;<br \/>}<br \/>#uc_team_member_box_overlay_elementor95311:hover .team-member-image-overlay<br \/>{<br \/>  opacity:1;<br \/>}<br \/>.team_member_box_overlay_title<br \/>{<br \/>  font-size:21px;<br \/>}<br \/><\/style>\n<p><img decoding=\"async\" src=\"https:\/\/mr-tecnicos.com\/wp-content\/uploads\/2022\/05\/IMG20210620164516_002-225x300.jpg\" alt=\"IMG20210620164516_(002)\" width=\"225\" height=\"300\" \/><\/p>\n<p>Adri\u00e1n S\u00e1nchez Arquitecte t\u00e8cnic adj.<br \/>\n<!-- end Team Member Box --><\/p>\n<h1>Descobreix els nostres projectes<\/h1>\n<p>Perqu\u00e8 res no parla de nosaltres com els treballs que hem realitzat, et convidem a descobrir alguns dels nostres projectes.<\/p>\n","protected":false},"excerpt":{"rendered":"<p>MR Arquitectura T\u00e8cnica som un equip de treball amb una \u00e0mplia experi\u00e8ncia en projectes de reforma, rehabilitaci\u00f3, adreces d&#8217;obra i coordinacions de seguretat i salut. El treball en equip, la rigorositat t\u00e8cnica, la sostenibilitat i l&#8217;\u00e8tica \u00e9s la nostra manera d&#8217;entendre la construcci\u00f3. El comprom\u00eds amb els nostres clients \u00e9s la base amb qu\u00e8 atenem<\/p>\n","protected":false},"author":4,"featured_media":0,"parent":0,"menu_order":0,"comment_status":"closed","ping_status":"closed","template":"100-width.php","meta":{"footnotes":""},"class_list":["post-3642","page","type-page","status-publish","hentry"],"aioseo_notices":[],"_links":{"self":[{"href":"https:\/\/mr-tecnicos.com\/ca\/wp-json\/wp\/v2\/pages\/3642"}],"collection":[{"href":"https:\/\/mr-tecnicos.com\/ca\/wp-json\/wp\/v2\/pages"}],"about":[{"href":"https:\/\/mr-tecnicos.com\/ca\/wp-json\/wp\/v2\/types\/page"}],"author":[{"embeddable":true,"href":"https:\/\/mr-tecnicos.com\/ca\/wp-json\/wp\/v2\/users\/4"}],"replies":[{"embeddable":true,"href":"https:\/\/mr-tecnicos.com\/ca\/wp-json\/wp\/v2\/comments?post=3642"}],"version-history":[{"count":0,"href":"https:\/\/mr-tecnicos.com\/ca\/wp-json\/wp\/v2\/pages\/3642\/revisions"}],"wp:attachment":[{"href":"https:\/\/mr-tecnicos.com\/ca\/wp-json\/wp\/v2\/media?parent=3642"}],"curies":[{"name":"wp","href":"https:\/\/api.w.org\/{rel}","templated":true}]}}