{"id":3906,"date":"2024-09-18T10:30:27","date_gmt":"2024-09-18T09:30:27","guid":{"rendered":"https:\/\/mr-tecnicos.com\/blog\/"},"modified":"2024-09-18T10:30:28","modified_gmt":"2024-09-18T09:30:28","slug":"blog","status":"publish","type":"page","link":"https:\/\/mr-tecnicos.com\/ca\/blog\/","title":{"rendered":"BLOG"},"content":{"rendered":"<div class=\"fusion-fullwidth fullwidth-box fusion-builder-row-1 fusion-flex-container nonhundred-percent-fullwidth non-hundred-percent-height-scrolling\" style=\"--awb-border-radius-top-left:0px;--awb-border-radius-top-right:0px;--awb-border-radius-bottom-right:0px;--awb-border-radius-bottom-left:0px;--awb-flex-wrap:wrap;\" ><div class=\"fusion-builder-row fusion-row fusion-flex-align-items-flex-start fusion-flex-content-wrap\" style=\"max-width:1216.8px;margin-left: calc(-4% \/ 2 );margin-right: calc(-4% \/ 2 );\"><div class=\"fusion-layout-column fusion_builder_column fusion-builder-column-0 fusion_builder_column_1_1 1_1 fusion-flex-column\" style=\"--awb-bg-size:cover;--awb-width-large:100%;--awb-margin-top-large:0px;--awb-spacing-right-large:1.92%;--awb-margin-bottom-large:0px;--awb-spacing-left-large:1.92%;--awb-width-medium:100%;--awb-order-medium:0;--awb-spacing-right-medium:1.92%;--awb-spacing-left-medium:1.92%;--awb-width-small:100%;--awb-order-small:0;--awb-spacing-right-small:1.92%;--awb-spacing-left-small:1.92%;\"><div class=\"fusion-column-wrapper fusion-column-has-shadow fusion-flex-justify-content-flex-start fusion-content-layout-column\"><div class=\"fusion-recent-posts fusion-recent-posts-1 avada-container layout-default layout-columns-2\"><section class=\"fusion-columns columns fusion-columns-2 columns-2\"><article class=\"post fusion-column column col col-lg-6 col-md-6 col-sm-6\"><div class=\"fusion-flexslider fusion-flexslider-loading flexslider flexslider-hover-type-none\"><ul class=\"slides\"><li><a href=\"https:\/\/mr-tecnicos.com\/ca\/trabajos-colaborativos-construccion-estrategia-futuro\/\" aria-label=\"Trabajos Colaborativos en la Construcci\u00f3n: Estrategia de Futuro\" class=\"hover-type-none\"><img decoding=\"async\" width=\"700\" height=\"441\" src=\"https:\/\/mr-tecnicos.com\/wp-content\/uploads\/2024\/06\/trabajos-colaborativos-construccion-estrategia-futuro-mr-tecnicos-700x441.webp\" class=\"attachment-recent-posts size-recent-posts\" alt=\"\" srcset=\"https:\/\/mr-tecnicos.com\/wp-content\/uploads\/2024\/06\/trabajos-colaborativos-construccion-estrategia-futuro-mr-tecnicos-320x202.webp 320w, https:\/\/mr-tecnicos.com\/wp-content\/uploads\/2024\/06\/trabajos-colaborativos-construccion-estrategia-futuro-mr-tecnicos-700x441.webp 700w\" sizes=\"(max-width: 700px) 100vw, 700px\" \/><\/a><\/li><\/ul><\/div><div class=\"recent-posts-content\"><span class=\"vcard\" style=\"display: none;\"><span class=\"fn\"><a href=\"https:\/\/mr-tecnicos.com\/ca\/author\/ocoma\/\" title=\"Entrades de WeLoveWebs\" rel=\"author\">WeLoveWebs<\/a><\/span><\/span><span class=\"updated\" style=\"display:none;\">2024-06-25T14:18:54+01:00<\/span><h2 class=\"entry-title\"><a href=\"https:\/\/mr-tecnicos.com\/ca\/trabajos-colaborativos-construccion-estrategia-futuro\/\">Trabajos Colaborativos en la Construcci\u00f3n: Estrategia de Futuro<\/a><\/h2><p>En el sector de la construcci\u00f3n, tradicionalmente conocido por su naturaleza competitiva, los trabajos colaborativos est\u00e1n emergiendo como una estrategia fundamental para el futuro. En este contexto, la expresi\u00f3n \"trabajos colaborativos en la construcci\u00f3n\" destaca<\/p><\/div><\/article><article class=\"post fusion-column column col col-lg-6 col-md-6 col-sm-6\"><div class=\"fusion-flexslider fusion-flexslider-loading flexslider flexslider-hover-type-none\"><ul class=\"slides\"><li><a href=\"https:\/\/mr-tecnicos.com\/ca\/banos-industrializados-construccion\/\" aria-label=\"Los ba\u00f1os industrializados en la construcci\u00f3n\" class=\"hover-type-none\"><img decoding=\"async\" width=\"700\" height=\"441\" src=\"https:\/\/mr-tecnicos.com\/wp-content\/uploads\/2024\/05\/banos-industrializados-colocacion-mr-tecnicos-copia-700x441.webp\" class=\"attachment-recent-posts size-recent-posts\" alt=\"\" srcset=\"https:\/\/mr-tecnicos.com\/wp-content\/uploads\/2024\/05\/banos-industrializados-colocacion-mr-tecnicos-copia-320x202.webp 320w, https:\/\/mr-tecnicos.com\/wp-content\/uploads\/2024\/05\/banos-industrializados-colocacion-mr-tecnicos-copia-700x441.webp 700w\" sizes=\"(max-width: 700px) 100vw, 700px\" \/><\/a><\/li><\/ul><\/div><div class=\"recent-posts-content\"><span class=\"vcard\" style=\"display: none;\"><span class=\"fn\"><a href=\"https:\/\/mr-tecnicos.com\/ca\/author\/ocoma\/\" title=\"Entrades de WeLoveWebs\" rel=\"author\">WeLoveWebs<\/a><\/span><\/span><span class=\"updated\" style=\"display:none;\">2024-05-31T10:45:49+01:00<\/span><h2 class=\"entry-title\"><a href=\"https:\/\/mr-tecnicos.com\/ca\/banos-industrializados-construccion\/\">Los ba\u00f1os industrializados en la construcci\u00f3n<\/a><\/h2><p>Los ba\u00f1os industrializados en la construcci\u00f3n A pesar de que otros sectores llevan a\u00f1os implementando la industrializaci\u00f3n, el mundo de la construcci\u00f3n ha sido m\u00e1s reticente a adoptar estos m\u00e9todos de fabricaci\u00f3n. Sin embargo, los<\/p><\/div><\/article><article class=\"post fusion-column column col col-lg-6 col-md-6 col-sm-6\"><div class=\"fusion-flexslider fusion-flexslider-loading flexslider flexslider-hover-type-none\"><ul class=\"slides\"><li><a href=\"https:\/\/mr-tecnicos.com\/ca\/la-revolucion-de-la-industrializacion-en-la-construccion-un-enfoque-en-la-prefabricacion-modular\/\" aria-label=\"La Revoluci\u00f3n de la Industrializaci\u00f3n en la Construcci\u00f3n: Un Enfoque en la Prefabricaci\u00f3n Modular\" class=\"hover-type-none\"><img decoding=\"async\" width=\"700\" height=\"441\" src=\"https:\/\/mr-tecnicos.com\/wp-content\/uploads\/2024\/05\/construccion-prefabricacion-modular-grua-700x441.webp\" class=\"attachment-recent-posts size-recent-posts\" alt=\"\" srcset=\"https:\/\/mr-tecnicos.com\/wp-content\/uploads\/2024\/05\/construccion-prefabricacion-modular-grua-320x202.webp 320w, https:\/\/mr-tecnicos.com\/wp-content\/uploads\/2024\/05\/construccion-prefabricacion-modular-grua-700x441.webp 700w\" sizes=\"(max-width: 700px) 100vw, 700px\" \/><\/a><\/li><\/ul><\/div><div class=\"recent-posts-content\"><span class=\"vcard\" style=\"display: none;\"><span class=\"fn\"><a href=\"https:\/\/mr-tecnicos.com\/ca\/author\/ocoma\/\" title=\"Entrades de WeLoveWebs\" rel=\"author\">WeLoveWebs<\/a><\/span><\/span><span class=\"updated\" style=\"display:none;\">2024-05-06T13:11:06+01:00<\/span><h2 class=\"entry-title\"><a href=\"https:\/\/mr-tecnicos.com\/ca\/la-revolucion-de-la-industrializacion-en-la-construccion-un-enfoque-en-la-prefabricacion-modular\/\">La Revoluci\u00f3n de la Industrializaci\u00f3n en la Construcci\u00f3n: Un Enfoque en la Prefabricaci\u00f3n Modular<\/a><\/h2><p>La industrializaci\u00f3n en la construcci\u00f3n: la prefabricaci\u00f3n modular En la actualidad, la industria de la construcci\u00f3n est\u00e1 experimentando una transformaci\u00f3n significativa gracias a la adopci\u00f3n de t\u00e9cnicas industriales, particularmente la prefabricaci\u00f3n modular. \u00cdndice de contenidos<\/p><\/div><\/article><article class=\"post fusion-column column col col-lg-6 col-md-6 col-sm-6\"><div class=\"fusion-flexslider fusion-flexslider-loading flexslider flexslider-hover-type-none\"><ul class=\"slides\"><li><a href=\"https:\/\/mr-tecnicos.com\/ca\/entrevista-a-vicente-guallart\/\" aria-label=\"Entrevista a Vicente Guallart\" class=\"hover-type-none\"><img decoding=\"async\" width=\"700\" height=\"441\" src=\"https:\/\/mr-tecnicos.com\/wp-content\/uploads\/2023\/03\/vicente-guallart-retrato_4d0b956f_1280x794-700x441.jpg\" class=\"attachment-recent-posts size-recent-posts\" alt=\"\" srcset=\"https:\/\/mr-tecnicos.com\/wp-content\/uploads\/2023\/03\/vicente-guallart-retrato_4d0b956f_1280x794-320x202.jpg 320w, https:\/\/mr-tecnicos.com\/wp-content\/uploads\/2023\/03\/vicente-guallart-retrato_4d0b956f_1280x794-700x441.jpg 700w\" sizes=\"(max-width: 700px) 100vw, 700px\" \/><\/a><\/li><\/ul><\/div><div class=\"recent-posts-content\"><span class=\"vcard\" style=\"display: none;\"><span class=\"fn\"><a href=\"https:\/\/mr-tecnicos.com\/ca\/author\/infomr-tecnicos-com\/\" title=\"Entrades de info@mr-tecnicos.com\" rel=\"author\">info@mr-tecnicos.com<\/a><\/span><\/span><span class=\"updated\" style=\"display:none;\">2023-03-04T14:12:53+01:00<\/span><h2 class=\"entry-title\"><a href=\"https:\/\/mr-tecnicos.com\/ca\/entrevista-a-vicente-guallart\/\">Entrevista a Vicente Guallart<\/a><\/h2><p>Tengo 59 a\u00f1os. Nac\u00ed en Val\u00e8ncia y vivo en Barcelona. Tengo pareja y un hijo. Dirijo Guallart Architects. Hemos de colaborar mucha gente de ideas diferentes para hacer mejores ciudades y un mundo mejor. Soy<\/p><\/div><\/article><article class=\"post fusion-column column col col-lg-6 col-md-6 col-sm-6\"><div class=\"fusion-flexslider fusion-flexslider-loading flexslider flexslider-hover-type-none\"><ul class=\"slides\"><li><a href=\"https:\/\/mr-tecnicos.com\/ca\/un-aparcamiento-para-7-000-bicicletas-bajo-el-agua-en-amsterdam\/\" aria-label=\"Un aparcamiento para 7.000 bicicletas bajo el agua en \u00c1msterdam\" class=\"hover-type-none\"><img decoding=\"async\" width=\"700\" height=\"441\" src=\"https:\/\/mr-tecnicos.com\/wp-content\/uploads\/2023\/01\/QZX6WOU6AVCYTHOTYY7I2R3OXI-700x441.jpg\" class=\"attachment-recent-posts size-recent-posts\" alt=\"\" srcset=\"https:\/\/mr-tecnicos.com\/wp-content\/uploads\/2023\/01\/QZX6WOU6AVCYTHOTYY7I2R3OXI-320x202.jpg 320w, https:\/\/mr-tecnicos.com\/wp-content\/uploads\/2023\/01\/QZX6WOU6AVCYTHOTYY7I2R3OXI-700x441.jpg 700w\" sizes=\"(max-width: 700px) 100vw, 700px\" \/><\/a><\/li><\/ul><\/div><div class=\"recent-posts-content\"><span class=\"vcard\" style=\"display: none;\"><span class=\"fn\"><a href=\"https:\/\/mr-tecnicos.com\/ca\/author\/infomr-tecnicos-com\/\" title=\"Entrades de info@mr-tecnicos.com\" rel=\"author\">info@mr-tecnicos.com<\/a><\/span><\/span><span class=\"updated\" style=\"display:none;\">2023-01-27T17:14:43+01:00<\/span><h2 class=\"entry-title\"><a href=\"https:\/\/mr-tecnicos.com\/ca\/un-aparcamiento-para-7-000-bicicletas-bajo-el-agua-en-amsterdam\/\">Un aparcamiento para 7.000 bicicletas bajo el agua en \u00c1msterdam<\/a><\/h2><p>La ciudad holandesa inaugura frente a la estaci\u00f3n central de trenes un gran garaje para descongestionar la calle y ganar espacio a los viandantes \u00a0 \u00c1msterdam\u00a0suma cerca de 900.000 bicicletas para una poblaci\u00f3n de casi<\/p><\/div><\/article><article class=\"post fusion-column column col col-lg-6 col-md-6 col-sm-6\"><div class=\"fusion-flexslider fusion-flexslider-loading flexslider flexslider-hover-type-none\"><ul class=\"slides\"><li><a href=\"https:\/\/mr-tecnicos.com\/ca\/madera-ecobarrios-y-vivienda-cooperativa-la-arquitectura-disena-su-futuro\/\" aria-label=\"Madera, ecobarrios y vivienda cooperativa, la arquitectura dise\u00f1a su futuro\" class=\"hover-type-none\"><img decoding=\"async\" width=\"700\" height=\"441\" src=\"https:\/\/mr-tecnicos.com\/wp-content\/uploads\/2023\/01\/63ac7d976b57d-700x441.jpeg\" class=\"attachment-recent-posts size-recent-posts\" alt=\"\" srcset=\"https:\/\/mr-tecnicos.com\/wp-content\/uploads\/2023\/01\/63ac7d976b57d-320x202.jpeg 320w, https:\/\/mr-tecnicos.com\/wp-content\/uploads\/2023\/01\/63ac7d976b57d-700x441.jpeg 700w\" sizes=\"(max-width: 700px) 100vw, 700px\" \/><\/a><\/li><\/ul><\/div><div class=\"recent-posts-content\"><span class=\"vcard\" style=\"display: none;\"><span class=\"fn\"><a href=\"https:\/\/mr-tecnicos.com\/ca\/author\/infomr-tecnicos-com\/\" title=\"Entrades de info@mr-tecnicos.com\" rel=\"author\">info@mr-tecnicos.com<\/a><\/span><\/span><span class=\"updated\" style=\"display:none;\">2023-01-06T11:20:27+01:00<\/span><h2 class=\"entry-title\"><a href=\"https:\/\/mr-tecnicos.com\/ca\/madera-ecobarrios-y-vivienda-cooperativa-la-arquitectura-disena-su-futuro\/\">Madera, ecobarrios y vivienda cooperativa, la arquitectura dise\u00f1a su futuro<\/a><\/h2><p>La naturaleza inspira la construcci\u00f3n. Los edificios y las urbes buscan futuro y sostenibilidad en el medio natural, la presencia vegetal persigue el deseo de un aire m\u00e1s saludable y mayor bienestar La arquitectura m\u00e1s<\/p><\/div><\/article><\/section><div class=\"pagination clearfix\"><span class=\"current\">1<\/span><a href=\"https:\/\/mr-tecnicos.com\/ca\/wp-json\/wp\/v2\/pages\/3906\/page\/2\/\" class=\"inactive\">2<\/a><a class=\"pagination-next\" rel=\"next\" href=\"https:\/\/mr-tecnicos.com\/ca\/wp-json\/wp\/v2\/pages\/3906\/page\/2\/\"><span class=\"page-text\">Next<\/span><span class=\"page-next\"><\/span><\/a><\/div><div class=\"fusion-clearfix\"><\/div><\/div><\/div><\/div><\/div><\/div>\n","protected":false},"excerpt":{"rendered":"","protected":false},"author":2,"featured_media":0,"parent":0,"menu_order":0,"comment_status":"closed","ping_status":"closed","template":"","meta":{"footnotes":""},"class_list":["post-3906","page","type-page","status-publish","hentry"],"aioseo_notices":[],"_links":{"self":[{"href":"https:\/\/mr-tecnicos.com\/ca\/wp-json\/wp\/v2\/pages\/3906"}],"collection":[{"href":"https:\/\/mr-tecnicos.com\/ca\/wp-json\/wp\/v2\/pages"}],"about":[{"href":"https:\/\/mr-tecnicos.com\/ca\/wp-json\/wp\/v2\/types\/page"}],"author":[{"embeddable":true,"href":"https:\/\/mr-tecnicos.com\/ca\/wp-json\/wp\/v2\/users\/2"}],"replies":[{"embeddable":true,"href":"https:\/\/mr-tecnicos.com\/ca\/wp-json\/wp\/v2\/comments?post=3906"}],"version-history":[{"count":1,"href":"https:\/\/mr-tecnicos.com\/ca\/wp-json\/wp\/v2\/pages\/3906\/revisions"}],"predecessor-version":[{"id":3907,"href":"https:\/\/mr-tecnicos.com\/ca\/wp-json\/wp\/v2\/pages\/3906\/revisions\/3907"}],"wp:attachment":[{"href":"https:\/\/mr-tecnicos.com\/ca\/wp-json\/wp\/v2\/media?parent=3906"}],"curies":[{"name":"wp","href":"https:\/\/api.w.org\/{rel}","templated":true}]}}